{"id":13951,"date":"2019-09-13T15:28:47","date_gmt":"2019-09-13T13:28:47","guid":{"rendered":"https:\/\/www.vab.rwth-aachen.de\/?page_id=13951"},"modified":"2021-03-18T17:29:38","modified_gmt":"2021-03-18T16:29:38","slug":"mitglied-werden","status":"publish","type":"page","link":"https:\/\/www.vab.rwth-aachen.de\/index.php\/mitglied-werden\/","title":{"rendered":"Mitglied werden"},"content":{"rendered":"<p><div class=\"fusion-fullwidth fullwidth-box fusion-builder-row-1 fusion-flex-container nonhundred-percent-fullwidth non-hundred-percent-height-scrolling\" style=\"background-color: rgba(255,255,255,0);background-position: center center;background-repeat: no-repeat;border-width: 0px 0px 0px 0px;border-color:#eae9e9;border-style:solid;\" ><div class=\"fusion-builder-row fusion-row fusion-flex-align-items-flex-start\" style=\"max-width:calc( 1170px + 0px );margin-left: calc(-0px \/ 2 );margin-right: calc(-0px \/ 2 );\"><div class=\"fusion-layout-column fusion_builder_column fusion-builder-column-0 fusion_builder_column_1_1 1_1 fusion-flex-column\"><div class=\"fusion-column-wrapper fusion-flex-justify-content-flex-start fusion-content-layout-column\" style=\"background-position:left top;background-repeat:no-repeat;-webkit-background-size:cover;-moz-background-size:cover;-o-background-size:cover;background-size:cover;padding: 0px 0px 0px 0px;\">[rev_slider alias=&#8220;mitgliederverwaltung-1&#8243; \/]<div class=\"fusion-text fusion-text-1\"><p>&nbsp;<\/p>\n<p>&nbsp;<\/p>\n<\/div><\/div><style type=\"text\/css\">.fusion-body .fusion-builder-column-0{width:100% !important;margin-top : 0px;margin-bottom : 0px;}.fusion-builder-column-0 > .fusion-column-wrapper {padding-top : 0px !important;padding-right : 0px !important;margin-right : 0px;padding-bottom : 0px !important;padding-left : 0px !important;margin-left : 0px;}@media only screen and (max-width:1024px) {.fusion-body .fusion-builder-column-0{width:100% !important;}.fusion-builder-column-0 > .fusion-column-wrapper {margin-right : 0px;margin-left : 0px;}}@media only screen and (max-width:640px) {.fusion-body .fusion-builder-column-0{width:100% !important;}.fusion-builder-column-0 > .fusion-column-wrapper {margin-right : 0px;margin-left : 0px;}}<\/style><\/div><\/div><style type=\"text\/css\">.fusion-body .fusion-flex-container.fusion-builder-row-1{ padding-top : 0px;margin-top : 0px;padding-right : 0px;padding-bottom : 0px;margin-bottom : 0px;padding-left : 0px;}<\/style><\/div><div class=\"fusion-fullwidth fullwidth-box fusion-builder-row-2 fusion-flex-container nonhundred-percent-fullwidth non-hundred-percent-height-scrolling\" style=\"background-color: rgba(255,255,255,0);background-position: center center;background-repeat: no-repeat;border-width: 0px 0px 0px 0px;border-color:#eae9e9;border-style:solid;\" ><div class=\"fusion-builder-row fusion-row fusion-flex-align-items-stretch\" style=\"max-width:1216.8px;margin-left: calc(-4% \/ 2 );margin-right: calc(-4% \/ 2 );\"><div class=\"fusion-layout-column fusion_builder_column fusion-builder-column-1 fusion_builder_column_1_2 1_2 fusion-flex-column\"><div class=\"fusion-column-wrapper fusion-flex-justify-content-flex-start fusion-content-layout-column\" style=\"background-position:left top;background-repeat:no-repeat;-webkit-background-size:cover;-moz-background-size:cover;-o-background-size:cover;background-size:cover;background-color:#f9f9f9;padding: 15% 15% 15% 15%;\"><div style=\"text-align:center;\"><div class=\"awb-image-frame awb-image-frame-1 imageframe-liftup\"><span class=\" fusion-imageframe imageframe-none imageframe-1\"><a href=\"https:\/\/www.vab.rwth-aachen.de\/wp-content\/uploads\/2017\/05\/DSCF7673.jpg\" class=\"fusion-lightbox\" data-rel=\"iLightbox[feature]\" data-title=\"DSCF7673\" title=\"DSCF7673\"><img decoding=\"async\" width=\"4896\" height=\"3264\" src=\"https:\/\/www.vab.rwth-aachen.de\/wp-content\/uploads\/2017\/05\/DSCF7673.jpg\" alt class=\"img-responsive wp-image-12253\" srcset=\"https:\/\/www.vab.rwth-aachen.de\/wp-content\/uploads\/2017\/05\/DSCF7673-200x133.jpg 200w, https:\/\/www.vab.rwth-aachen.de\/wp-content\/uploads\/2017\/05\/DSCF7673-400x267.jpg 400w, https:\/\/www.vab.rwth-aachen.de\/wp-content\/uploads\/2017\/05\/DSCF7673-600x400.jpg 600w, https:\/\/www.vab.rwth-aachen.de\/wp-content\/uploads\/2017\/05\/DSCF7673-800x533.jpg 800w, https:\/\/www.vab.rwth-aachen.de\/wp-content\/uploads\/2017\/05\/DSCF7673-1200x800.jpg 1200w, https:\/\/www.vab.rwth-aachen.de\/wp-content\/uploads\/2017\/05\/DSCF7673.jpg 4896w\" sizes=\"(max-width: 640px) 100vw, 600px\" \/><\/a><\/span><\/div><\/div><div class=\"fusion-text fusion-text-2\"><h4>Wer kann Mitglied werden?<\/h4>\n<\/div><div class=\"fusion-separator fusion-full-width-sep\" style=\"align-self: center;margin-left: auto;margin-right: auto;margin-top:10px;width:100%;\"><div class=\"fusion-separator-border sep-single\" style=\"border-color:#eae8e8;border-top-width:2px;\"><\/div><\/div><div class=\"fusion-text fusion-text-3\"><p style=\"text-align: justify;\">Wir freuen uns \u00fcber Ihren Entschluss der VAB beitreten zu wollen. Sie k\u00f6nnen als ordentliches Mitglied oder als studentisches Mitglied der Vereinigung beitreten. Ein ordentliches Mitglied k\u00f6nnen Sie werden, wenn sie an der RWTH Aachen innerhalb der Fachgruppe 5.1 studiert oder promoviert haben oder zu den Professoren oder den wissenschaftl. Mitarbeitern dieser Fachgruppe geh\u00f6ren. Beitragsfreie studentische Mitglieder sind Sie, wenn Sie an der RWTH Aachen innerhalb der Fachgruppe f\u00fcr Rohstoffe und Entsorgungstechnik im Bachelor- oder Masterstudium studieren.<\/p>\n<\/div><div class=\"fusion-separator fusion-full-width-sep\" style=\"align-self: center;margin-left: auto;margin-right: auto;margin-top:15px;width:100%;\"><div class=\"fusion-separator-border sep-single\" style=\"border-color:#eae8e8;border-top-width:2px;\"><\/div><\/div><\/div><style type=\"text\/css\">.fusion-body .fusion-builder-column-1{width:50% !important;margin-top : 0px;margin-bottom : 2%;}.fusion-builder-column-1 > .fusion-column-wrapper {padding-top : 15% !important;padding-right : 15% !important;margin-right : 1.92%;padding-bottom : 15% !important;padding-left : 15% !important;margin-left : 3.84%;}@media only screen and (max-width:1024px) {.fusion-body .fusion-builder-column-1{width:50% !important;}.fusion-builder-column-1 > .fusion-column-wrapper {margin-right : 1.92%;margin-left : 3.84%;}}@media only screen and (max-width:640px) {.fusion-body .fusion-builder-column-1{width:100% !important;}.fusion-builder-column-1 > .fusion-column-wrapper {margin-right : 1.92%;margin-left : 1.92%;}}<\/style><\/div><div class=\"fusion-layout-column fusion_builder_column fusion-builder-column-2 fusion_builder_column_1_2 1_2 fusion-flex-column\"><div class=\"fusion-column-wrapper fusion-flex-justify-content-flex-start fusion-content-layout-column\" style=\"background-position:left top;background-repeat:no-repeat;-webkit-background-size:cover;-moz-background-size:cover;-o-background-size:cover;background-size:cover;background-color:#f9f9f9;padding: 15% 15% 15% 15%;\"><div style=\"text-align:center;\"><div class=\"awb-image-frame awb-image-frame-2 imageframe-liftup\"><span class=\" fusion-imageframe imageframe-none imageframe-2\"><a href=\"https:\/\/www.vab.rwth-aachen.de\/wp-content\/uploads\/2017\/05\/DSCF7596.jpg\" class=\"fusion-lightbox\" data-rel=\"iLightbox[feature]\" data-title=\"DSCF7596\" title=\"DSCF7596\"><img decoding=\"async\" width=\"4896\" height=\"3264\" src=\"https:\/\/www.vab.rwth-aachen.de\/wp-content\/uploads\/2017\/05\/DSCF7596.jpg\" alt class=\"img-responsive wp-image-12252\" srcset=\"https:\/\/www.vab.rwth-aachen.de\/wp-content\/uploads\/2017\/05\/DSCF7596-200x133.jpg 200w, https:\/\/www.vab.rwth-aachen.de\/wp-content\/uploads\/2017\/05\/DSCF7596-400x267.jpg 400w, https:\/\/www.vab.rwth-aachen.de\/wp-content\/uploads\/2017\/05\/DSCF7596-600x400.jpg 600w, https:\/\/www.vab.rwth-aachen.de\/wp-content\/uploads\/2017\/05\/DSCF7596-800x533.jpg 800w, https:\/\/www.vab.rwth-aachen.de\/wp-content\/uploads\/2017\/05\/DSCF7596-1200x800.jpg 1200w, https:\/\/www.vab.rwth-aachen.de\/wp-content\/uploads\/2017\/05\/DSCF7596.jpg 4896w\" sizes=\"(max-width: 640px) 100vw, 600px\" \/><\/a><\/span><\/div><\/div><div class=\"fusion-text fusion-text-4\"><h4>Mitgliedsbeitr\u00e4ge<\/h4>\n<\/div><div class=\"fusion-separator fusion-full-width-sep\" style=\"align-self: center;margin-left: auto;margin-right: auto;margin-top:10px;width:100%;\"><div class=\"fusion-separator-border sep-single\" style=\"border-color:#eae8e8;border-top-width:2px;\"><\/div><\/div><div class=\"fusion-text fusion-text-5\"><p style=\"text-align: justify;\">Die Vereinigung Aachener Bergakademiker e.V. ist ein gemeinn\u00fctziger Verein, der sich \u00fcber Jahresbeitr\u00e4ge und freiwillige Spenden finanziert. Dadurch ist es m\u00f6glich, dass die Mitgliedschaft f\u00fcr Studierende beitragsfrei ist. Damit die Vereinigung die Aus- und Weiterbildung aller Studierenden der Fachgruppe f\u00fcr Rohstoffe und Entsorgungstechnik und den Kontakt zwischen Hochschule, ihren Absolventen und Studierenden weiter f\u00f6rdern kann, bitten wir Sie die Einzugserm\u00e4chtigung ausgef\u00fcllt an uns zu \u00fcbersenden. Der Mitgliedsbeitrag bel\u00e4uft sich auf 50 \u20ac p.a.<\/p>\n<\/div><div class=\"fusion-separator fusion-full-width-sep\" style=\"align-self: center;margin-left: auto;margin-right: auto;margin-top:15px;width:100%;\"><div class=\"fusion-separator-border sep-single\" style=\"border-color:#eae8e8;border-top-width:2px;\"><\/div><\/div><\/div><style type=\"text\/css\">.fusion-body .fusion-builder-column-2{width:50% !important;margin-top : 0px;margin-bottom : 2%;}.fusion-builder-column-2 > .fusion-column-wrapper {padding-top : 15% !important;padding-right : 15% !important;margin-right : 3.84%;padding-bottom : 15% !important;padding-left : 15% !important;margin-left : 1.92%;}@media only screen and (max-width:1024px) {.fusion-body .fusion-builder-column-2{width:50% !important;}.fusion-builder-column-2 > .fusion-column-wrapper {margin-right : 3.84%;margin-left : 1.92%;}}@media only screen and (max-width:640px) {.fusion-body .fusion-builder-column-2{width:100% !important;}.fusion-builder-column-2 > .fusion-column-wrapper {margin-right : 1.92%;margin-left : 1.92%;}}<\/style><\/div><div class=\"fusion-layout-column fusion_builder_column fusion-builder-column-3 fusion_builder_column_1_2 1_2 fusion-flex-column\"><div class=\"fusion-column-wrapper fusion-flex-justify-content-flex-start fusion-content-layout-column\" style=\"background-position:left top;background-repeat:no-repeat;-webkit-background-size:cover;-moz-background-size:cover;-o-background-size:cover;background-size:cover;background-color:#f9f9f9;padding: 15% 15% 15% 15%;\"><div style=\"text-align:center;\"><div class=\"awb-image-frame awb-image-frame-3 imageframe-liftup\"><span class=\" fusion-imageframe imageframe-none imageframe-3\"><a href=\"https:\/\/www.vab.rwth-aachen.de\/wp-content\/uploads\/2017\/05\/Unbenannt1.png\" class=\"fusion-lightbox\" data-rel=\"iLightbox[feature]\" data-title=\"Unbenannt1\" title=\"Unbenannt1\"><img decoding=\"async\" width=\"1279\" height=\"633\" src=\"https:\/\/www.vab.rwth-aachen.de\/wp-content\/uploads\/2017\/05\/Unbenannt1.png\" alt class=\"img-responsive wp-image-12478\" srcset=\"https:\/\/www.vab.rwth-aachen.de\/wp-content\/uploads\/2017\/05\/Unbenannt1-200x99.png 200w, https:\/\/www.vab.rwth-aachen.de\/wp-content\/uploads\/2017\/05\/Unbenannt1-400x198.png 400w, https:\/\/www.vab.rwth-aachen.de\/wp-content\/uploads\/2017\/05\/Unbenannt1-600x297.png 600w, https:\/\/www.vab.rwth-aachen.de\/wp-content\/uploads\/2017\/05\/Unbenannt1-800x396.png 800w, https:\/\/www.vab.rwth-aachen.de\/wp-content\/uploads\/2017\/05\/Unbenannt1-1200x594.png 1200w, https:\/\/www.vab.rwth-aachen.de\/wp-content\/uploads\/2017\/05\/Unbenannt1.png 1279w\" sizes=\"(max-width: 640px) 100vw, 600px\" \/><\/a><\/span><\/div><\/div><div class=\"fusion-text fusion-text-6\"><h4>Mitgliedsantrag ordentliche Mitglieder<\/h4>\n<\/div><div class=\"fusion-separator fusion-full-width-sep\" style=\"align-self: center;margin-left: auto;margin-right: auto;margin-top:10px;width:100%;\"><div class=\"fusion-separator-border sep-single\" style=\"border-color:#eae8e8;border-top-width:2px;\"><\/div><\/div><div class=\"fusion-text fusion-text-7\"><p>Einen Mitgliedantrag f\u00fcr ordentliche Mitglider k\u00f6nnen Sie \u00fcber den nachfolgenden Link stellen.<\/p>\n<\/div><div class=\"fusion-separator fusion-full-width-sep\" style=\"align-self: center;margin-left: auto;margin-right: auto;margin-top:15px;width:100%;\"><div class=\"fusion-separator-border sep-single\" style=\"border-color:#eae8e8;border-top-width:2px;\"><\/div><\/div><div class=\"fusion-separator fusion-full-width-sep\" style=\"align-self: center;margin-left: auto;margin-right: auto;margin-top:15px;width:100%;\"><\/div><div style=\"text-align:left;\"><style>.fusion-button.button-1{border-radius:4px 4px 4px 4px;}<\/style><a class=\"fusion-button button-flat fusion-button-default-size button-default button-1 fusion-button-default-span fusion-button-default-type\" target=\"_blank\" rel=\"noopener noreferrer\" href=\"https:\/\/www.vab.rwth-aachen.de\/index.php\/mitgliedsantrag-ordentliche-mitglieder\/\"><span class=\"fusion-button-text\">Mitglied werden<\/span><\/a><\/div><\/div><style type=\"text\/css\">.fusion-body .fusion-builder-column-3{width:50% !important;margin-top : 0px;margin-bottom : 2%;}.fusion-builder-column-3 > .fusion-column-wrapper {padding-top : 15% !important;padding-right : 15% !important;margin-right : 1.92%;padding-bottom : 15% !important;padding-left : 15% !important;margin-left : 3.84%;}@media only screen and (max-width:1024px) {.fusion-body .fusion-builder-column-3{width:50% !important;}.fusion-builder-column-3 > .fusion-column-wrapper {margin-right : 1.92%;margin-left : 3.84%;}}@media only screen and (max-width:640px) {.fusion-body .fusion-builder-column-3{width:100% !important;}.fusion-builder-column-3 > .fusion-column-wrapper {margin-right : 1.92%;margin-left : 1.92%;}}<\/style><\/div><div class=\"fusion-layout-column fusion_builder_column fusion-builder-column-4 fusion_builder_column_1_2 1_2 fusion-flex-column\"><div class=\"fusion-column-wrapper fusion-flex-justify-content-flex-start fusion-content-layout-column\" style=\"background-position:left top;background-repeat:no-repeat;-webkit-background-size:cover;-moz-background-size:cover;-o-background-size:cover;background-size:cover;background-color:#f9f9f9;padding: 15% 15% 15% 15%;\"><div style=\"text-align:center;\"><div class=\"awb-image-frame awb-image-frame-4 imageframe-liftup\"><span class=\" fusion-imageframe imageframe-none imageframe-4\"><a href=\"https:\/\/www.vab.rwth-aachen.de\/wp-content\/uploads\/2017\/05\/Unbenannt1.png\" class=\"fusion-lightbox\" data-rel=\"iLightbox[feature]\" data-title=\"Unbenannt1\" title=\"Unbenannt1\"><img decoding=\"async\" width=\"1279\" height=\"633\" src=\"https:\/\/www.vab.rwth-aachen.de\/wp-content\/uploads\/2017\/05\/Unbenannt1.png\" alt class=\"img-responsive wp-image-12478\" srcset=\"https:\/\/www.vab.rwth-aachen.de\/wp-content\/uploads\/2017\/05\/Unbenannt1-200x99.png 200w, https:\/\/www.vab.rwth-aachen.de\/wp-content\/uploads\/2017\/05\/Unbenannt1-400x198.png 400w, https:\/\/www.vab.rwth-aachen.de\/wp-content\/uploads\/2017\/05\/Unbenannt1-600x297.png 600w, https:\/\/www.vab.rwth-aachen.de\/wp-content\/uploads\/2017\/05\/Unbenannt1-800x396.png 800w, https:\/\/www.vab.rwth-aachen.de\/wp-content\/uploads\/2017\/05\/Unbenannt1-1200x594.png 1200w, https:\/\/www.vab.rwth-aachen.de\/wp-content\/uploads\/2017\/05\/Unbenannt1.png 1279w\" sizes=\"(max-width: 640px) 100vw, 600px\" \/><\/a><\/span><\/div><\/div><div class=\"fusion-text fusion-text-8\"><h4>Mitgliedsantrag Studierende<\/h4>\n<\/div><div class=\"fusion-separator fusion-full-width-sep\" style=\"align-self: center;margin-left: auto;margin-right: auto;margin-top:10px;width:100%;\"><div class=\"fusion-separator-border sep-single\" style=\"border-color:#eae8e8;border-top-width:2px;\"><\/div><\/div><div class=\"fusion-text fusion-text-9\"><p>Einen Mitgliedantrag f\u00fcr studentische Mitglider k\u00f6nnen Sie \u00fcber den nachfolgenden Link stellen.<\/p>\n<\/div><div class=\"fusion-separator fusion-full-width-sep\" style=\"align-self: center;margin-left: auto;margin-right: auto;margin-top:15px;width:100%;\"><div class=\"fusion-separator-border sep-single\" style=\"border-color:#eae8e8;border-top-width:2px;\"><\/div><\/div><div class=\"fusion-separator fusion-full-width-sep\" style=\"align-self: center;margin-left: auto;margin-right: auto;margin-top:15px;width:100%;\"><\/div><div style=\"text-align:left;\"><style>.fusion-button.button-2{border-radius:4px 4px 4px 4px;}<\/style><a class=\"fusion-button button-flat fusion-button-default-size button-default button-2 fusion-button-default-span fusion-button-default-type\" target=\"_blank\" rel=\"noopener noreferrer\" href=\"https:\/\/www.vab.rwth-aachen.de\/index.php\/mitgliedsantrag-studierende\/\"><span class=\"fusion-button-text\">Mitglied werden<\/span><\/a><\/div><\/div><style type=\"text\/css\">.fusion-body .fusion-builder-column-4{width:50% !important;margin-top : 0px;margin-bottom : 2%;}.fusion-builder-column-4 > .fusion-column-wrapper {padding-top : 15% !important;padding-right : 15% !important;margin-right : 3.84%;padding-bottom : 15% !important;padding-left : 15% !important;margin-left : 1.92%;}@media only screen and (max-width:1024px) {.fusion-body .fusion-builder-column-4{width:50% !important;}.fusion-builder-column-4 > .fusion-column-wrapper {margin-right : 3.84%;margin-left : 1.92%;}}@media only screen and (max-width:640px) {.fusion-body .fusion-builder-column-4{width:100% !important;}.fusion-builder-column-4 > .fusion-column-wrapper {margin-right : 1.92%;margin-left : 1.92%;}}<\/style><\/div><\/div><style type=\"text\/css\">.fusion-body .fusion-flex-container.fusion-builder-row-2{ padding-top : 10px;margin-top : 0px;padding-right : 0px;padding-bottom : 125px;margin-bottom : 0px;padding-left : 0px;}<\/style><\/div><div class=\"fusion-fullwidth fullwidth-box fusion-builder-row-3 fusion-flex-container fusion-parallax-none nonhundred-percent-fullwidth non-hundred-percent-height-scrolling\" style=\"background-color: rgba(255,255,255,0);background-image: url(&quot;https:\/\/www.vab.rwth-aachen.de\/wp-content\/uploads\/2019\/09\/20180622.Marjan.179-1.jpg&quot;);background-position: center center;background-repeat: no-repeat;border-width: 0px 0px 0px 0px;border-color:#eae9e9;border-style:solid;-webkit-background-size:cover;-moz-background-size:cover;-o-background-size:cover;background-size:cover;\" ><div class=\"fusion-builder-row fusion-row fusion-flex-align-items-stretch\" style=\"max-width:calc( 1170px + 0px );margin-left: calc(-0px \/ 2 );margin-right: calc(-0px \/ 2 );\"><div class=\"fusion-layout-column fusion_builder_column fusion-builder-column-5 fusion_builder_column_1_1 1_1 fusion-flex-column\"><div class=\"fusion-column-wrapper fusion-flex-justify-content-flex-start fusion-content-layout-column\" style=\"background-position:left top;background-repeat:no-repeat;-webkit-background-size:cover;-moz-background-size:cover;-o-background-size:cover;background-size:cover;padding: 8% 8% 8% 8%;\"><div class=\"fusion-text fusion-text-10\"><h2 style=\"text-align: center;\"><span style=\"color: #ffffff;\">Exkursionen. Praktika. Auslandsaufenthalte.<br \/>\n<\/span><\/h2>\n<\/div><div class=\"fusion-separator fusion-full-width-sep\" style=\"align-self: center;margin-left: auto;margin-right: auto;margin-top:40px;width:100%;\"><div class=\"fusion-separator-border sep-single\" style=\"border-color:#a11035;border-top-width:2px;\"><\/div><\/div><div class=\"fusion-separator fusion-full-width-sep\" style=\"align-self: center;margin-left: auto;margin-right: auto;margin-top:40px;width:100%;\"><\/div><div style=\"text-align:center;\"><style>.fusion-button.button-3{border-radius:4px 4px 4px 4px;}<\/style><a class=\"fusion-button button-flat button-xlarge button-default button-3 fusion-button-default-span fusion-button-default-type\" target=\"_blank\" rel=\"noopener noreferrer\" href=\"https:\/\/www.vab.rwth-aachen.de\/index.php\/aktuelles\/\"><i class=\" fa fa-check button-icon-left\" aria-hidden=\"true\"><\/i><span class=\"fusion-button-text\">Unterst\u00fctzte Projekte <\/span><\/a><\/div><\/div><style type=\"text\/css\">.fusion-body .fusion-builder-column-5{width:100% !important;margin-top : 0px;margin-bottom : 0px;}.fusion-builder-column-5 > .fusion-column-wrapper {padding-top : 8% !important;padding-right : 8% !important;margin-right : 0px;padding-bottom : 8% !important;padding-left : 8% !important;margin-left : 0px;}@media only screen and (max-width:1024px) {.fusion-body .fusion-builder-column-5{width:100% !important;}.fusion-builder-column-5 > .fusion-column-wrapper {margin-right : 0px;margin-left : 0px;}}@media only screen and (max-width:640px) {.fusion-body .fusion-builder-column-5{width:100% !important;}.fusion-builder-column-5 > .fusion-column-wrapper {margin-right : 0px;margin-left : 0px;}}<\/style><\/div><\/div><style type=\"text\/css\">.fusion-body .fusion-flex-container.fusion-builder-row-3{ padding-top : 25px;margin-top : 0px;padding-right : 0px;padding-bottom : 2%;margin-bottom : 0px;padding-left : 0px;}<\/style><\/div><\/p>\n","protected":false},"excerpt":{"rendered":"","protected":false},"author":5,"featured_media":0,"parent":0,"menu_order":0,"comment_status":"closed","ping_status":"closed","template":"100-width.php","meta":{"ngg_post_thumbnail":0,"footnotes":""},"class_list":["post-13951","page","type-page","status-publish","hentry"],"_links":{"self":[{"href":"https:\/\/www.vab.rwth-aachen.de\/index.php\/wp-json\/wp\/v2\/pages\/13951","targetHints":{"allow":["GET"]}}],"collection":[{"href":"https:\/\/www.vab.rwth-aachen.de\/index.php\/wp-json\/wp\/v2\/pages"}],"about":[{"href":"https:\/\/www.vab.rwth-aachen.de\/index.php\/wp-json\/wp\/v2\/types\/page"}],"author":[{"embeddable":true,"href":"https:\/\/www.vab.rwth-aachen.de\/index.php\/wp-json\/wp\/v2\/users\/5"}],"replies":[{"embeddable":true,"href":"https:\/\/www.vab.rwth-aachen.de\/index.php\/wp-json\/wp\/v2\/comments?post=13951"}],"version-history":[{"count":25,"href":"https:\/\/www.vab.rwth-aachen.de\/index.php\/wp-json\/wp\/v2\/pages\/13951\/revisions"}],"predecessor-version":[{"id":14416,"href":"https:\/\/www.vab.rwth-aachen.de\/index.php\/wp-json\/wp\/v2\/pages\/13951\/revisions\/14416"}],"wp:attachment":[{"href":"https:\/\/www.vab.rwth-aachen.de\/index.php\/wp-json\/wp\/v2\/media?parent=13951"}],"curies":[{"name":"wp","href":"https:\/\/api.w.org\/{rel}","templated":true}]}}