{"id":13954,"date":"2019-08-29T22:55:36","date_gmt":"2019-08-29T20:55:36","guid":{"rendered":"https:\/\/www.vab.rwth-aachen.de\/?page_id=13954"},"modified":"2025-10-06T14:34:25","modified_gmt":"2025-10-06T12:34:25","slug":"events-neu","status":"publish","type":"page","link":"https:\/\/www.vab.rwth-aachen.de\/index.php\/events-neu\/","title":{"rendered":"Events"},"content":{"rendered":"<p><div class=\"fusion-fullwidth fullwidth-box fusion-builder-row-1 fusion-flex-container nonhundred-percent-fullwidth non-hundred-percent-height-scrolling\" style=\"background-color: rgba(255,255,255,0);background-position: center center;background-repeat: no-repeat;border-width: 0px 0px 0px 0px;border-color:#eae9e9;border-style:solid;\" ><div class=\"fusion-builder-row fusion-row fusion-flex-align-items-flex-start\" style=\"max-width:1216.8px;margin-left: calc(-4% \/ 2 );margin-right: calc(-4% \/ 2 );\"><div class=\"fusion-layout-column fusion_builder_column fusion-builder-column-0 fusion_builder_column_1_1 1_1 fusion-flex-column\"><div class=\"fusion-column-wrapper fusion-flex-justify-content-flex-start fusion-content-layout-column\" style=\"background-position:left top;background-repeat:no-repeat;-webkit-background-size:cover;-moz-background-size:cover;-o-background-size:cover;background-size:cover;padding: 0px 0px 0px 0px;\"><div class=\"fusion-text fusion-text-1\"><p>[rev_slider alias=&#8220;events-1&#8243; \/]<\/p>\n<\/div><div class=\"fusion-text fusion-text-2\"><p>&nbsp;<\/p>\n<p>&nbsp;<\/p>\n<\/div><\/div><style type=\"text\/css\">.fusion-body .fusion-builder-column-0{width:100% !important;margin-top : 0px;margin-bottom : 0px;}.fusion-builder-column-0 > .fusion-column-wrapper {padding-top : 0px !important;padding-right : 0px !important;margin-right : 1.92%;padding-bottom : 0px !important;padding-left : 0px !important;margin-left : 1.92%;}@media only screen and (max-width:1024px) {.fusion-body .fusion-builder-column-0{width:100% !important;}.fusion-builder-column-0 > .fusion-column-wrapper {margin-right : 1.92%;margin-left : 1.92%;}}@media only screen and (max-width:640px) {.fusion-body .fusion-builder-column-0{width:100% !important;}.fusion-builder-column-0 > .fusion-column-wrapper {margin-right : 1.92%;margin-left : 1.92%;}}<\/style><\/div><\/div><style type=\"text\/css\">.fusion-body .fusion-flex-container.fusion-builder-row-1{ padding-top : 0px;margin-top : 0px;padding-right : 0px;padding-bottom : 0px;margin-bottom : 0px;padding-left : 0px;}<\/style><\/div><div class=\"fusion-fullwidth fullwidth-box fusion-builder-row-2 fusion-flex-container nonhundred-percent-fullwidth non-hundred-percent-height-scrolling\" style=\"background-color: rgba(255,255,255,0);background-position: center center;background-repeat: no-repeat;border-width: 0px 0px 0px 0px;border-color:#eae9e9;border-style:solid;\" ><div class=\"fusion-builder-row fusion-row fusion-flex-align-items-flex-start\" style=\"max-width:1216.8px;margin-left: calc(-4% \/ 2 );margin-right: calc(-4% \/ 2 );\"><div class=\"fusion-layout-column fusion_builder_column fusion-builder-column-1 fusion_builder_column_1_1 1_1 fusion-flex-column\"><div class=\"fusion-column-wrapper fusion-flex-justify-content-flex-start fusion-content-layout-column\" style=\"background-position:left top;background-repeat:no-repeat;-webkit-background-size:cover;-moz-background-size:cover;-o-background-size:cover;background-size:cover;padding: 0px 0px 0px 0px;\"><div class=\"fusion-separator fusion-full-width-sep\" style=\"align-self: center;margin-left: auto;margin-right: auto;width:100%;\"><\/div><\/div><style type=\"text\/css\">.fusion-body .fusion-builder-column-1{width:100% !important;margin-top : 0px;margin-bottom : 0px;}.fusion-builder-column-1 > .fusion-column-wrapper {padding-top : 0px !important;padding-right : 0px !important;margin-right : 1.92%;padding-bottom : 0px !important;padding-left : 0px !important;margin-left : 1.92%;}@media only screen and (max-width:1024px) {.fusion-body .fusion-builder-column-1{width:100% !important;}.fusion-builder-column-1 > .fusion-column-wrapper {margin-right : 1.92%;margin-left : 1.92%;}}@media only screen and (max-width:640px) {.fusion-body .fusion-builder-column-1{width:100% !important;}.fusion-builder-column-1 > .fusion-column-wrapper {margin-right : 1.92%;margin-left : 1.92%;}}<\/style><\/div><\/div><style type=\"text\/css\">.fusion-body .fusion-flex-container.fusion-builder-row-2{ padding-top : 0px;margin-top : 0px;padding-right : 0px;padding-bottom : 0px;margin-bottom : 0px;padding-left : 0px;}<\/style><\/div><div class=\"fusion-fullwidth fullwidth-box fusion-builder-row-3 fusion-flex-container nonhundred-percent-fullwidth non-hundred-percent-height-scrolling\" style=\"background-color: rgba(255,255,255,0);background-position: center center;background-repeat: no-repeat;border-width: 0px 0px 0px 0px;border-color:#eae9e9;border-style:solid;\" ><div class=\"fusion-builder-row fusion-row fusion-flex-align-items-stretch\" style=\"max-width:1216.8px;margin-left: calc(-4% \/ 2 );margin-right: calc(-4% \/ 2 );\"><div class=\"fusion-layout-column fusion_builder_column fusion-builder-column-2 fusion_builder_column_1_2 1_2 fusion-flex-column\"><div class=\"fusion-column-wrapper fusion-flex-justify-content-flex-start fusion-content-layout-column\" style=\"background-position:left top;background-repeat:no-repeat;-webkit-background-size:cover;-moz-background-size:cover;-o-background-size:cover;background-size:cover;background-color:#f9f9f9;padding: 15% 15% 15% 15%;\"><div style=\"text-align:center;\"><div class=\"awb-image-frame awb-image-frame-1 imageframe-liftup\"><span class=\" fusion-imageframe imageframe-none imageframe-1\"><a href=\"https:\/\/www.vab.rwth-aachen.de\/wp-content\/uploads\/2018\/03\/DSC_1042.jpg\" class=\"fusion-lightbox\" data-rel=\"iLightbox[feature]\" data-title=\"DSC_1042\" title=\"DSC_1042\"><img decoding=\"async\" width=\"5324\" height=\"3549\" src=\"https:\/\/www.vab.rwth-aachen.de\/wp-content\/uploads\/2018\/03\/DSC_1042.jpg\" alt class=\"img-responsive wp-image-12894\" srcset=\"https:\/\/www.vab.rwth-aachen.de\/wp-content\/uploads\/2018\/03\/DSC_1042-200x133.jpg 200w, https:\/\/www.vab.rwth-aachen.de\/wp-content\/uploads\/2018\/03\/DSC_1042-400x267.jpg 400w, https:\/\/www.vab.rwth-aachen.de\/wp-content\/uploads\/2018\/03\/DSC_1042-600x400.jpg 600w, https:\/\/www.vab.rwth-aachen.de\/wp-content\/uploads\/2018\/03\/DSC_1042-800x533.jpg 800w, https:\/\/www.vab.rwth-aachen.de\/wp-content\/uploads\/2018\/03\/DSC_1042-1200x800.jpg 1200w, https:\/\/www.vab.rwth-aachen.de\/wp-content\/uploads\/2018\/03\/DSC_1042.jpg 5324w\" sizes=\"(max-width: 640px) 100vw, 600px\" \/><\/a><\/span><\/div><\/div><div class=\"fusion-text fusion-text-3\"><h4>Jahrestagung<\/h4>\n<\/div><div class=\"fusion-separator fusion-full-width-sep\" style=\"align-self: center;margin-left: auto;margin-right: auto;margin-top:10px;width:100%;\"><div class=\"fusion-separator-border sep-single\" style=\"border-color:#eae8e8;border-top-width:2px;\"><\/div><\/div><div class=\"fusion-text fusion-text-4\"><p style=\"text-align: justify;\">Einmal im Jahr l\u00e4dt die Vereinigung alle Mitglieder zu einer interessanten Vortragsreihe aktueller Fachthemen mit anschlie\u00dfender Abendveranstaltung ein. An diesem Tag stehen sowohl die fachliche Weiterbildung, als auch der Austausch unter den Mitgliedern im Vordergrund. Die Abendveranstaltung bietet die Gelegenheit andere Mitglieder kennenzulernen und dabei neue Kontakte zu kn\u00fcpfen oder aber alte Bekannte wiederzusehen und sich \u00fcber Erfahrungen und Projekte auszutauschen. Neben der Unterst\u00fctzung von Studierenden, ist die Jahrestagung ein zentrales Element der VAB e.V.<\/p>\n<\/div><div class=\"fusion-separator fusion-full-width-sep\" style=\"align-self: center;margin-left: auto;margin-right: auto;margin-top:10px;width:100%;\"><div class=\"fusion-separator-border sep-single\" style=\"border-color:#eae8e8;border-top-width:2px;\"><\/div><\/div><\/div><style type=\"text\/css\">.fusion-body .fusion-builder-column-2{width:50% !important;margin-top : 0px;margin-bottom : 2%;}.fusion-builder-column-2 > .fusion-column-wrapper {padding-top : 15% !important;padding-right : 15% !important;margin-right : 1.92%;padding-bottom : 15% !important;padding-left : 15% !important;margin-left : 3.84%;}@media only screen and (max-width:1024px) {.fusion-body .fusion-builder-column-2{width:50% !important;}.fusion-builder-column-2 > .fusion-column-wrapper {margin-right : 1.92%;margin-left : 3.84%;}}@media only screen and (max-width:640px) {.fusion-body .fusion-builder-column-2{width:100% !important;}.fusion-builder-column-2 > .fusion-column-wrapper {margin-right : 1.92%;margin-left : 1.92%;}}<\/style><\/div><div class=\"fusion-layout-column fusion_builder_column fusion-builder-column-3 fusion_builder_column_1_2 1_2 fusion-flex-column\"><div class=\"fusion-column-wrapper fusion-flex-justify-content-flex-start fusion-content-layout-column\" style=\"background-position:left top;background-repeat:no-repeat;-webkit-background-size:cover;-moz-background-size:cover;-o-background-size:cover;background-size:cover;background-color:#f9f9f9;padding: 15% 15% 15% 15%;\"><div style=\"text-align:center;\"><div class=\"awb-image-frame awb-image-frame-2 imageframe-liftup\"><span class=\" fusion-imageframe imageframe-none imageframe-2\"><a href=\"https:\/\/www.vab.rwth-aachen.de\/wp-content\/uploads\/2017\/05\/DSCF7715.jpg\" class=\"fusion-lightbox\" data-rel=\"iLightbox[feature]\" data-title=\"DSCF7715\" title=\"DSCF7715\"><img decoding=\"async\" width=\"4896\" height=\"3264\" src=\"https:\/\/www.vab.rwth-aachen.de\/wp-content\/uploads\/2017\/05\/DSCF7715.jpg\" alt class=\"img-responsive wp-image-12254\" srcset=\"https:\/\/www.vab.rwth-aachen.de\/wp-content\/uploads\/2017\/05\/DSCF7715-200x133.jpg 200w, https:\/\/www.vab.rwth-aachen.de\/wp-content\/uploads\/2017\/05\/DSCF7715-400x267.jpg 400w, https:\/\/www.vab.rwth-aachen.de\/wp-content\/uploads\/2017\/05\/DSCF7715-600x400.jpg 600w, https:\/\/www.vab.rwth-aachen.de\/wp-content\/uploads\/2017\/05\/DSCF7715-800x533.jpg 800w, https:\/\/www.vab.rwth-aachen.de\/wp-content\/uploads\/2017\/05\/DSCF7715-1200x800.jpg 1200w, https:\/\/www.vab.rwth-aachen.de\/wp-content\/uploads\/2017\/05\/DSCF7715.jpg 4896w\" sizes=\"(max-width: 640px) 100vw, 600px\" \/><\/a><\/span><\/div><\/div><div class=\"fusion-text fusion-text-5\"><h4>Meet &amp; Greet<\/h4>\n<\/div><div class=\"fusion-separator fusion-full-width-sep\" style=\"align-self: center;margin-left: auto;margin-right: auto;margin-top:10px;width:100%;\"><div class=\"fusion-separator-border sep-single\" style=\"border-color:#eae8e8;border-top-width:2px;\"><\/div><\/div><div class=\"fusion-text fusion-text-6\"><p style=\"text-align: justify;\">Die Vereinigung Aachener Berakademiker e.V. hat im Jahr 2019 ihr erstes &#8222;Meet &amp; Greet&#8220; f\u00fcr die Studierenden der Fachgruppe f\u00fcr Rohstoffe und Entsorgungstechnik ausgerichtet. Die Veranstaltung dient Studierenden dazu, sich \u00fcber potenzielle Arbeitgeber zu informieren und mit ihnen in einer lockeren Atmosph\u00e4re ins Gespr\u00e4ch zu kommen und Fragen zu stellen. Nachdem sich im Jahr 2019 die Firma indurad (https:\/\/indurad.com\/) vorgestellt hat, werden im Oktober drei VAB-Mitglieder Ihre Unternehmen und T\u00e4tigkeiten den Studierenden digital vorstellen. Weiter Infos folgen.<\/p>\n<\/div><div class=\"fusion-separator fusion-full-width-sep\" style=\"align-self: center;margin-left: auto;margin-right: auto;margin-top:15px;width:100%;\"><div class=\"fusion-separator-border sep-single\" style=\"border-color:#eae8e8;border-top-width:2px;\"><\/div><\/div><\/div><style type=\"text\/css\">.fusion-body .fusion-builder-column-3{width:50% !important;margin-top : 0px;margin-bottom : 2%;}.fusion-builder-column-3 > .fusion-column-wrapper {padding-top : 15% !important;padding-right : 15% !important;margin-right : 3.84%;padding-bottom : 15% !important;padding-left : 15% !important;margin-left : 1.92%;}@media only screen and (max-width:1024px) {.fusion-body .fusion-builder-column-3{width:50% !important;}.fusion-builder-column-3 > .fusion-column-wrapper {margin-right : 3.84%;margin-left : 1.92%;}}@media only screen and (max-width:640px) {.fusion-body .fusion-builder-column-3{width:100% !important;}.fusion-builder-column-3 > .fusion-column-wrapper {margin-right : 1.92%;margin-left : 1.92%;}}<\/style><\/div><div class=\"fusion-layout-column fusion_builder_column fusion-builder-column-4 fusion_builder_column_1_2 1_2 fusion-flex-column\"><div class=\"fusion-column-wrapper fusion-flex-justify-content-flex-start fusion-content-layout-column\" style=\"background-position:left top;background-repeat:no-repeat;-webkit-background-size:cover;-moz-background-size:cover;-o-background-size:cover;background-size:cover;background-color:#f9f9f9;padding: 15% 15% 15% 15%;\"><div style=\"text-align:center;\"><div class=\"awb-image-frame awb-image-frame-3 imageframe-liftup\"><span class=\" fusion-imageframe imageframe-none imageframe-3\"><a href=\"https:\/\/www.vab.rwth-aachen.de\/wp-content\/uploads\/2022\/08\/VAB-Tagung-2022-sONY_82_5-1-scaled.jpg\" class=\"fusion-lightbox\" data-rel=\"iLightbox[feature]\" data-title=\"VAB Tagung 2022 sONY_82_5\" title=\"VAB Tagung 2022 sONY_82_5\"><img decoding=\"async\" width=\"2560\" height=\"1707\" src=\"https:\/\/www.vab.rwth-aachen.de\/wp-content\/uploads\/2022\/08\/VAB-Tagung-2022-sONY_82_5-1-scaled.jpg\" alt class=\"img-responsive wp-image-14780\" srcset=\"https:\/\/www.vab.rwth-aachen.de\/wp-content\/uploads\/2022\/08\/VAB-Tagung-2022-sONY_82_5-1-200x133.jpg 200w, https:\/\/www.vab.rwth-aachen.de\/wp-content\/uploads\/2022\/08\/VAB-Tagung-2022-sONY_82_5-1-400x267.jpg 400w, https:\/\/www.vab.rwth-aachen.de\/wp-content\/uploads\/2022\/08\/VAB-Tagung-2022-sONY_82_5-1-600x400.jpg 600w, https:\/\/www.vab.rwth-aachen.de\/wp-content\/uploads\/2022\/08\/VAB-Tagung-2022-sONY_82_5-1-800x533.jpg 800w, https:\/\/www.vab.rwth-aachen.de\/wp-content\/uploads\/2022\/08\/VAB-Tagung-2022-sONY_82_5-1-1200x800.jpg 1200w, https:\/\/www.vab.rwth-aachen.de\/wp-content\/uploads\/2022\/08\/VAB-Tagung-2022-sONY_82_5-1-scaled.jpg 2560w\" sizes=\"(max-width: 640px) 100vw, 600px\" \/><\/a><\/span><\/div><\/div><div class=\"fusion-text fusion-text-7\"><h4>Jahrestagung und Mitgliederversammlung 2026<\/h4>\n<\/div><div class=\"fusion-separator fusion-full-width-sep\" style=\"align-self: center;margin-left: auto;margin-right: auto;margin-top:10px;width:100%;\"><div class=\"fusion-separator-border sep-single\" style=\"border-color:#eae8e8;border-top-width:2px;\"><\/div><\/div><div class=\"fusion-text fusion-text-8\"><p>In diesem Sinne m\u00f6chten wir voller Vorfreude die Jahrestagung und Mitgliederversammlung am<strong> 20. M\u00e4rz 2026<\/strong><strong> im SuperC der RWTH Aachen University<\/strong>&nbsp;ank\u00fcndigen.&nbsp;<\/p>\n<\/div><div class=\"fusion-separator fusion-full-width-sep\" style=\"align-self: center;margin-left: auto;margin-right: auto;margin-top:15px;width:100%;\"><div class=\"fusion-separator-border sep-single\" style=\"border-color:#eae8e8;border-top-width:2px;\"><\/div><\/div><div class=\"fusion-separator fusion-full-width-sep\" style=\"align-self: center;margin-left: auto;margin-right: auto;margin-top:15px;width:100%;\"><\/div><\/div><style type=\"text\/css\">.fusion-body .fusion-builder-column-4{width:50% !important;margin-top : 0px;margin-bottom : 2%;}.fusion-builder-column-4 > .fusion-column-wrapper {padding-top : 15% !important;padding-right : 15% !important;margin-right : 3.84%;padding-bottom : 15% !important;padding-left : 15% !important;margin-left : 1.92%;}@media only screen and (max-width:1024px) {.fusion-body .fusion-builder-column-4{width:50% !important;}.fusion-builder-column-4 > .fusion-column-wrapper {margin-right : 3.84%;margin-left : 1.92%;}}@media only screen and (max-width:640px) {.fusion-body .fusion-builder-column-4{width:100% !important;}.fusion-builder-column-4 > .fusion-column-wrapper {margin-right : 1.92%;margin-left : 1.92%;}}<\/style><\/div><\/div><style type=\"text\/css\">.fusion-body .fusion-flex-container.fusion-builder-row-3{ padding-top : 10px;margin-top : 0px;padding-right : 0px;padding-bottom : 125px;margin-bottom : 0px;padding-left : 0px;}<\/style><\/div><div class=\"fusion-fullwidth fullwidth-box fusion-builder-row-4 fusion-flex-container fusion-parallax-none nonhundred-percent-fullwidth non-hundred-percent-height-scrolling\" style=\"background-color: rgba(255,255,255,0);background-image: url(&quot;https:\/\/www.vab.rwth-aachen.de\/wp-content\/uploads\/2019\/09\/20180622.Marjan.179-1.jpg&quot;);background-position: center center;background-repeat: no-repeat;border-width: 0px 0px 0px 0px;border-color:#eae9e9;border-style:solid;-webkit-background-size:cover;-moz-background-size:cover;-o-background-size:cover;background-size:cover;\" ><div class=\"fusion-builder-row fusion-row fusion-flex-align-items-stretch\" style=\"max-width:1216.8px;margin-left: calc(-4% \/ 2 );margin-right: calc(-4% \/ 2 );\"><div class=\"fusion-layout-column fusion_builder_column fusion-builder-column-5 fusion_builder_column_1_1 1_1 fusion-flex-column\"><div class=\"fusion-column-wrapper fusion-flex-justify-content-flex-start fusion-content-layout-column\" style=\"background-position:left top;background-repeat:no-repeat;-webkit-background-size:cover;-moz-background-size:cover;-o-background-size:cover;background-size:cover;padding: 8% 8% 8% 8%;\"><div class=\"fusion-text fusion-text-9\"><h2 style=\"text-align: center;\"><span style=\"color: #ffffff;\">Kontakte. Netzwerk. Weiterbildung.<br \/>\n<\/span><\/h2>\n<\/div><div class=\"fusion-text fusion-text-10\"><h5 style=\"text-align: center;\"><span style=\"color: #ffffff;\">Die Vereinigung ist w\u00e4hrend und nach Deinem Studium der Dreh- und Angelpunkt.<br \/>\n<\/span><\/h5>\n<\/div><div class=\"fusion-separator fusion-full-width-sep\" style=\"align-self: center;margin-left: auto;margin-right: auto;margin-top:40px;width:100%;\"><div class=\"fusion-separator-border sep-single\" style=\"border-color:#a11035;border-top-width:2px;\"><\/div><\/div><div class=\"fusion-separator fusion-full-width-sep\" style=\"align-self: center;margin-left: auto;margin-right: auto;margin-top:40px;width:100%;\"><\/div><div style=\"text-align:center;\"><style>.fusion-button.button-1{border-radius:4px 4px 4px 4px;}<\/style><a class=\"fusion-button button-flat button-xlarge button-default button-1 fusion-button-default-span fusion-button-default-type\" target=\"_blank\" rel=\"noopener noreferrer\" href=\"https:\/\/www.vab.rwth-aachen.de\/index.php\/mitglied-werden\/\"><i class=\" fa fa-pencil-square-o button-icon-left\" aria-hidden=\"true\"><\/i><span class=\"fusion-button-text\">Mitglied werden<\/span><\/a><\/div><\/div><style type=\"text\/css\">.fusion-body .fusion-builder-column-5{width:100% !important;margin-top : 0px;margin-bottom : 0px;}.fusion-builder-column-5 > .fusion-column-wrapper {padding-top : 8% !important;padding-right : 8% !important;margin-right : 1.92%;padding-bottom : 8% !important;padding-left : 8% !important;margin-left : 1.92%;}@media only screen and (max-width:1024px) {.fusion-body .fusion-builder-column-5{width:100% !important;}.fusion-builder-column-5 > .fusion-column-wrapper {margin-right : 1.92%;margin-left : 1.92%;}}@media only screen and (max-width:640px) {.fusion-body .fusion-builder-column-5{width:100% !important;}.fusion-builder-column-5 > .fusion-column-wrapper {margin-right : 1.92%;margin-left : 1.92%;}}<\/style><\/div><\/div><style type=\"text\/css\">.fusion-body .fusion-flex-container.fusion-builder-row-4{ padding-top : 25px;margin-top : 0px;padding-right : 0px;padding-bottom : 2%;margin-bottom : 0px;padding-left : 0px;}<\/style><\/div><\/p>\n","protected":false},"excerpt":{"rendered":"","protected":false},"author":5,"featured_media":0,"parent":0,"menu_order":0,"comment_status":"closed","ping_status":"closed","template":"100-width.php","meta":{"ngg_post_thumbnail":0,"footnotes":""},"class_list":["post-13954","page","type-page","status-publish","hentry"],"_links":{"self":[{"href":"https:\/\/www.vab.rwth-aachen.de\/index.php\/wp-json\/wp\/v2\/pages\/13954","targetHints":{"allow":["GET"]}}],"collection":[{"href":"https:\/\/www.vab.rwth-aachen.de\/index.php\/wp-json\/wp\/v2\/pages"}],"about":[{"href":"https:\/\/www.vab.rwth-aachen.de\/index.php\/wp-json\/wp\/v2\/types\/page"}],"author":[{"embeddable":true,"href":"https:\/\/www.vab.rwth-aachen.de\/index.php\/wp-json\/wp\/v2\/users\/5"}],"replies":[{"embeddable":true,"href":"https:\/\/www.vab.rwth-aachen.de\/index.php\/wp-json\/wp\/v2\/comments?post=13954"}],"version-history":[{"count":82,"href":"https:\/\/www.vab.rwth-aachen.de\/index.php\/wp-json\/wp\/v2\/pages\/13954\/revisions"}],"predecessor-version":[{"id":15316,"href":"https:\/\/www.vab.rwth-aachen.de\/index.php\/wp-json\/wp\/v2\/pages\/13954\/revisions\/15316"}],"wp:attachment":[{"href":"https:\/\/www.vab.rwth-aachen.de\/index.php\/wp-json\/wp\/v2\/media?parent=13954"}],"curies":[{"name":"wp","href":"https:\/\/api.w.org\/{rel}","templated":true}]}}